{"id":32,"date":"2020-04-13T11:18:50","date_gmt":"2020-04-13T09:18:50","guid":{"rendered":"http:\/\/gran-baita.it\/index.php\/services\/"},"modified":"2025-06-25T15:17:15","modified_gmt":"2025-06-25T13:17:15","slug":"valleedollomont","status":"publish","type":"page","link":"https:\/\/gran-baita.it\/it\/valleedollomont\/","title":{"rendered":"La vall\u00e9e d&#8217;Ollomont"},"content":{"rendered":"<h1>Ollomont ed il Val d&#8217;Aosta<\/h1>\n<h2>La Valle di Ollomont<\/h2>\n<p>La valle di Ollomont inizia ai limiti della cittadina di Valpellina e si estende fino ai pascoli d&#8217;altitudine. \u00e8 un luogo specialmente privilegiato per osservare il &#8220;Grand Combin&#8221;, il &#8220;Mont Gel\u00e9&#8221; ed il &#8220;Grand Paradis&#8221;. \u00e8 inoltre qui che troverete il museo della fontina, dove potrete visitare l&#8217;impianto di maturazione.<\/p>\n<p>Ollomont \u00e8 attraversata da numerosi trekkings tra cui l&#8217;Alta Via 1 e il &#8216;Tour des Combins&#8221;.<\/p>\n<p>La famosa corsa di trail di 330km &#8220;il tor des G\u00e9ants&#8221; mette a disposizione una base vita nel cuore del paese ogni anno a settembre.<\/p>\n<p>In 25 minuti di macchina giungerete al centro di Aosta con accesso alla funivia della stazione sciistica &#8220;Pila&#8221;.<\/p>\n<p>\t\t\t<a href=\"https:\/\/www.lovevda.it\/fr\/base-de-donnees\/3\/localites\/vallee-d-aoste\/ollomont\/405\" target=\"_blank\" role=\"button\" rel=\"noopener\"><br \/>\n\t\t\t\t\t\tsito di Ollomont<br \/>\n\t\t\t\t\t<\/a><br \/>\n\t\t\t<a href=\"https:\/\/www.lovevda.it\/fr\/sport\/randonnee\/randonnees-d-une-journee?url=\/Home\/Risultati\/F12C3DF8990F41C1B2558FA09410F510C5E9566DDA949111049619\/1\/10\/Data&#038;ricid=51&#038;rootPath=\/fr\/sport\/randonnee\/randonnees-d-une-journee&#038;embeddedui=1&#038;disableresources=1#results-wrapper\" target=\"_blank\" role=\"button\" rel=\"noopener\"><br \/>\n\t\t\t\t\t\tPasseggiate nei dintorni<br \/>\n\t\t\t\t\t<\/a><br \/>\n\t\t\t\t\t\t\t\t\t\t\t\t\t\t\t<img loading=\"lazy\" decoding=\"async\" width=\"753\" height=\"1024\" src=\"http:\/\/gran-baita.it\/wp-content\/uploads\/2021\/06\/IMG_4840-753x1024.jpg\" alt=\"\" loading=\"lazy\" srcset=\"http:\/\/gran-baita.it\/wp-content\/uploads\/2021\/06\/IMG_4840-753x1024.jpg 753w, http:\/\/gran-baita.it\/wp-content\/uploads\/2021\/06\/IMG_4840-221x300.jpg 221w, http:\/\/gran-baita.it\/wp-content\/uploads\/2021\/06\/IMG_4840-768x1044.jpg 768w, http:\/\/gran-baita.it\/wp-content\/uploads\/2021\/06\/IMG_4840-1130x1536.jpg 1130w, http:\/\/gran-baita.it\/wp-content\/uploads\/2021\/06\/IMG_4840-1507x2048.jpg 1507w, http:\/\/gran-baita.it\/wp-content\/uploads\/2021\/06\/IMG_4840-scaled.jpg 1883w\" sizes=\"auto, (max-width: 753px) 100vw, 753px\" \/><br \/>\n\t\t\t\t\t\t\t\t\t\t\t\t\t\t\t<img loading=\"lazy\" decoding=\"async\" width=\"683\" height=\"1024\" src=\"http:\/\/gran-baita.it\/wp-content\/uploads\/2021\/06\/AdobeStock_165662800-1-683x1024.jpeg\" alt=\"\" loading=\"lazy\" srcset=\"http:\/\/gran-baita.it\/wp-content\/uploads\/2021\/06\/AdobeStock_165662800-1-683x1024.jpeg 683w, http:\/\/gran-baita.it\/wp-content\/uploads\/2021\/06\/AdobeStock_165662800-1-200x300.jpeg 200w, http:\/\/gran-baita.it\/wp-content\/uploads\/2021\/06\/AdobeStock_165662800-1-768x1152.jpeg 768w, http:\/\/gran-baita.it\/wp-content\/uploads\/2021\/06\/AdobeStock_165662800-1-1024x1536.jpeg 1024w, http:\/\/gran-baita.it\/wp-content\/uploads\/2021\/06\/AdobeStock_165662800-1-1366x2048.jpeg 1366w, http:\/\/gran-baita.it\/wp-content\/uploads\/2021\/06\/AdobeStock_165662800-1.jpeg 1667w\" sizes=\"auto, (max-width: 683px) 100vw, 683px\" \/>\t\t\t\t\t\t\t\t\t\t\t\t\t\t\t<\/p>\n<h2>Il Val d&#8217;Aosta<\/h2>\n<p>Pi\u00f9 piccola regione d&#8217;Italia, il Val d&#8217;Aosta \u00e8 circondato da numerosi picchi alpini, al confine con la Svizzera e la Francia. D&#8217;estate come d&#8217;inverno, la regione offre molteplici attivit\u00e0.<\/p>\n<p>\t\t\t<a href=\"https:\/\/www.lovevda.it\/fr\" target=\"_blank\" role=\"button\" rel=\"noopener\"><br \/>\n\t\t\t\t\t\tsito ufficiale del Val d&#8217;Aosta<br \/>\n\t\t\t\t\t<\/a><\/p>\n<h2>I commerci della valle di Ollomont<\/h2>\n<p><strong>ALBERGHI e RISTORANTI<\/strong><\/p>\n<p>La grandze de fran\u00e7ois &#8211; Restaurant \/ h\u00f4tel &#8211; <a href=\"https:\/\/www.lagrandzedefrancois.com\/\" target=\"_blank\" rel=\"noopener\">sito web<\/a><\/p>\n<p>Lo Glassier &#8211; Restaurant \/ Bed&amp;Breakfast &#8211; <a href=\"https:\/\/www.lovevda.it\/fr\/base-de-donnees\/22\/bed-breakfast\/ollomont\/lo-glassier\/9000980\" target=\"_blank\" rel=\"noopener\">sito web<\/a><\/p>\n<p>Locanda delle miniere &#8211; Restaurant \/ h\u00f4tel &#8211; <a href=\"https:\/\/www.locandadelleminiere.it\/\" target=\"_blank\" rel=\"noopener\">sito web<\/a><\/p>\n<p><strong>COMMERCI<\/strong><\/p>\n<p>Da Olga &#8211; Alimentari e bar &#8211; <a href=\"https:\/\/www.comune.ollomont.ao.it\/TurismoedIniziative\/Turismo\/DoveMangiare\/BarAlimentariVeveyOlga\/tabid\/1806\/Default.aspx\" target=\"_blank\" rel=\"noopener\">Contatti<\/a><\/p>\n<p>Conca di By &#8211; caseificio e prodotti regionali &#8211; Valpelinne &#8211; <a title=\"Indirizzio\" href=\"https:\/\/goo.gl\/maps\/mzsVS746ibZdvaBRA\" target=\"_blank\" rel=\"noopener\">Indirizzio<\/a><\/p>\n<p>Boulangerie et Pizzeria &#8211;\u00a0<a href=\"https:\/\/goo.gl\/maps\/65KC3UV5QUyYTcbCA\">Indirizzio<\/a><\/p>\n<p><strong>CASEIFICIO<\/strong><\/p>\n<p>museo e vendita di fontina &#8211; <a href=\"https:\/\/www.fontina-valledaosta.it\/fr\/centre-de-visiteurs\" target=\"_blank\" rel=\"noopener\">sito web<\/a><\/p>\n<p>\t\t\t\t\t\t\t\t\t\t\t\t\t\t\t<img loading=\"lazy\" decoding=\"async\" width=\"768\" height=\"1024\" src=\"http:\/\/gran-baita.it\/wp-content\/uploads\/2021\/06\/AdobeStock_150949963-768x1024.jpeg\" alt=\"\" loading=\"lazy\" srcset=\"http:\/\/gran-baita.it\/wp-content\/uploads\/2021\/06\/AdobeStock_150949963-768x1024.jpeg 768w, http:\/\/gran-baita.it\/wp-content\/uploads\/2021\/06\/AdobeStock_150949963-225x300.jpeg 225w, http:\/\/gran-baita.it\/wp-content\/uploads\/2021\/06\/AdobeStock_150949963-1152x1536.jpeg 1152w, http:\/\/gran-baita.it\/wp-content\/uploads\/2021\/06\/AdobeStock_150949963-1536x2048.jpeg 1536w, http:\/\/gran-baita.it\/wp-content\/uploads\/2021\/06\/AdobeStock_150949963-scaled.jpeg 1920w\" sizes=\"auto, (max-width: 768px) 100vw, 768px\" \/><\/p>\n","protected":false},"excerpt":{"rendered":"<p>Ollomont ed il Val d&#8217;Aosta La Valle di Ollomont La valle di Ollomont inizia ai limiti della cittadina di Valpellina e si estende fino ai pascoli d&#8217;altitudine. \u00e8 un luogo specialmente privilegiato per osservare il &#8220;Grand Combin&#8221;, il &#8220;Mont Gel\u00e9&#8221; ed il &#8220;Grand Paradis&#8221;. \u00e8 inoltre qui che troverete il museo della fontina, dove potrete &hellip;<\/p>\n<p class=\"read-more\"> <a class=\"\" href=\"https:\/\/gran-baita.it\/it\/valleedollomont\/\"> <span class=\"screen-reader-text\">La vall\u00e9e d&#8217;Ollomont<\/span> Read More &raquo;<\/a><\/p>\n","protected":false},"author":1,"featured_media":0,"parent":0,"menu_order":0,"comment_status":"closed","ping_status":"closed","template":"","meta":{"_monsterinsights_skip_tracking":false,"_monsterinsights_sitenote_active":false,"_monsterinsights_sitenote_note":"","_monsterinsights_sitenote_category":0,"footnotes":""},"class_list":["post-32","page","type-page","status-publish","hentry"],"translation":{"provider":"WPGlobus","version":"3.0.0","language":"it","enabled_languages":["fr","it","nl"],"languages":{"fr":{"title":true,"content":true,"excerpt":false},"it":{"title":true,"content":true,"excerpt":false},"nl":{"title":false,"content":true,"excerpt":false}}},"_links":{"self":[{"href":"https:\/\/gran-baita.it\/it\/wp-json\/wp\/v2\/pages\/32","targetHints":{"allow":["GET"]}}],"collection":[{"href":"https:\/\/gran-baita.it\/it\/wp-json\/wp\/v2\/pages"}],"about":[{"href":"https:\/\/gran-baita.it\/it\/wp-json\/wp\/v2\/types\/page"}],"author":[{"embeddable":true,"href":"https:\/\/gran-baita.it\/it\/wp-json\/wp\/v2\/users\/1"}],"replies":[{"embeddable":true,"href":"https:\/\/gran-baita.it\/it\/wp-json\/wp\/v2\/comments?post=32"}],"version-history":[{"count":44,"href":"https:\/\/gran-baita.it\/it\/wp-json\/wp\/v2\/pages\/32\/revisions"}],"predecessor-version":[{"id":992,"href":"https:\/\/gran-baita.it\/it\/wp-json\/wp\/v2\/pages\/32\/revisions\/992"}],"wp:attachment":[{"href":"https:\/\/gran-baita.it\/it\/wp-json\/wp\/v2\/media?parent=32"}],"curies":[{"name":"wp","href":"https:\/\/api.w.org\/{rel}","templated":true}]}}