{"id":30,"date":"2020-04-13T11:18:54","date_gmt":"2020-04-13T09:18:54","guid":{"rendered":"http:\/\/gran-baita.it\/index.php\/home\/"},"modified":"2025-09-21T22:22:19","modified_gmt":"2025-09-21T20:22:19","slug":"accueil","status":"publish","type":"page","link":"https:\/\/gran-baita.it\/it\/","title":{"rendered":"Accueil"},"content":{"rendered":"<h2>Il vostro rifugio di montagna a Ollomont<\/h2>\n<h1>LA GRAN BAITA<\/h1>\n<p>Il rifugio &#8216;La Gran Baita&#8221; propone 85 letti nel cuore del Val d&#8217;Aosta, nella valle conservata di Ollomont. Godete di una totale libert\u00e0 per l&#8217;organizzazione del vostro soggiorno in montagna.<\/p>\n<p>\t\t\t\t\t<a href=\"http:\/\/gran-baita.it\/index.php\/contact\/\"><br \/>\n\t\t\t\t\t\t\t\t\tContatti<br \/>\n\t\t\t\t\t<\/a><br \/>\n\t\t\t\t\t<a href=\"http:\/\/gran-baita.it\/index.php\/granbaita\/\"><br \/>\n\t\t\t\t\t\t\t\t\tScoprire il rifugio<br \/>\n\t\t\t\t\t<\/a><\/p>\n<h2><a href=\"http:\/\/gran-baita.it\/index.php\/granbaita\/\">scoprire la Gran Baita<\/a><\/h2>\n<h2><a href=\"http:\/\/gran-baita.it\/index.php\/valleedollomont\/\">Ollomont ed i suoi dintorni <\/a><\/h2>\n<h2><a href=\"http:\/\/gran-baita.it\/index.php\/contact\/\">Contatti<\/a><\/h2>\n<h2>La Gran Ba\u00efta<\/h2>\n<p>Nel 2021, un gruppo di appassionati della valle di Ollomont decide di acquistare la Gran Baita. Il rifugio non \u00e8 loro proprio sconosciuto poich\u00e9 vi hanno passato numerosi anni. Questo nuovo inizio offre alla Gran Baita un soffio di aria fresca che i proprietari saranno lieti di condividere con voi.<\/p>\n<p>Il rifugio mette a disposizione tutto il necessario per l&#8217;organizzazione di campi per i giovani, da qualche giorno a diverse settimane.<\/p>\n<p>\t\t\t\t\t<a href=\"http:\/\/gran-baita.it\/index.php\/granbaita\/\"><br \/>\n\t\t\t\t\t\t\t\t\tDettagli della Gran Baita<br \/>\n\t\t\t\t\t<\/a><\/p>\n<figure class='gallery-item'>\n\t\t\t\t<a data-elementor-open-lightbox=\"yes\" data-elementor-lightbox-slideshow=\"4d9d9662\" data-elementor-lightbox-title=\"P1021869\" data-e-action-hash=\"#elementor-action%3Aaction%3Dlightbox%26settings%3DeyJpZCI6NDgxLCJ1cmwiOiJodHRwOlwvXC9ncmFuLWJhaXRhLml0XC93cC1jb250ZW50XC91cGxvYWRzXC8yMDIxXC8wNVwvUDEwMjE4NjkuanBnIiwic2xpZGVzaG93IjoiNGQ5ZDk2NjIifQ%3D%3D\" href='http:\/\/gran-baita.it\/wp-content\/uploads\/2021\/05\/P1021869.jpg'><img fetchpriority=\"high\" width=\"768\" height=\"576\" src=\"http:\/\/gran-baita.it\/wp-content\/uploads\/2021\/05\/P1021869-768x576.jpg\" alt=\"\" decoding=\"async\" srcset=\"https:\/\/gran-baita.it\/wp-content\/uploads\/2021\/05\/P1021869-768x576.jpg 768w, https:\/\/gran-baita.it\/wp-content\/uploads\/2021\/05\/P1021869-300x225.jpg 300w, https:\/\/gran-baita.it\/wp-content\/uploads\/2021\/05\/P1021869-1024x768.jpg 1024w, https:\/\/gran-baita.it\/wp-content\/uploads\/2021\/05\/P1021869-1536x1152.jpg 1536w, https:\/\/gran-baita.it\/wp-content\/uploads\/2021\/05\/P1021869-2048x1536.jpg 2048w\" sizes=\"(max-width: 768px) 100vw, 768px\" \/><\/a><br \/>\n\t\t\t<\/figure>\n<figure class='gallery-item'>\n\t\t\t\t<a data-elementor-open-lightbox=\"yes\" data-elementor-lightbox-slideshow=\"4d9d9662\" data-elementor-lightbox-title=\"IMG_4411\" data-e-action-hash=\"#elementor-action%3Aaction%3Dlightbox%26settings%3DeyJpZCI6NDMxLCJ1cmwiOiJodHRwOlwvXC9ncmFuLWJhaXRhLml0XC93cC1jb250ZW50XC91cGxvYWRzXC8yMDIxXC8wNVwvSU1HXzQ0MTEtc2NhbGVkLmpwZyIsInNsaWRlc2hvdyI6IjRkOWQ5NjYyIn0%3D\" href='http:\/\/gran-baita.it\/wp-content\/uploads\/2021\/05\/IMG_4411-scaled.jpg'><img width=\"768\" height=\"576\" src=\"http:\/\/gran-baita.it\/wp-content\/uploads\/2021\/05\/IMG_4411-scaled.jpg\" alt=\"\" decoding=\"async\" srcset=\"https:\/\/gran-baita.it\/wp-content\/uploads\/2021\/05\/IMG_4411-scaled.jpg 2560w, https:\/\/gran-baita.it\/wp-content\/uploads\/2021\/05\/IMG_4411-300x225.jpg 300w\" sizes=\"(max-width: 768px) 100vw, 768px\" \/><\/a><br \/>\n\t\t\t<\/figure>\n<figure class='gallery-item'>\n\t\t\t\t<a data-elementor-open-lightbox=\"yes\" data-elementor-lightbox-slideshow=\"4d9d9662\" data-elementor-lightbox-title=\"P1021881\" data-e-action-hash=\"#elementor-action%3Aaction%3Dlightbox%26settings%3DeyJpZCI6NDc5LCJ1cmwiOiJodHRwOlwvXC9ncmFuLWJhaXRhLml0XC93cC1jb250ZW50XC91cGxvYWRzXC8yMDIxXC8wNVwvUDEwMjE4ODEuanBnIiwic2xpZGVzaG93IjoiNGQ5ZDk2NjIifQ%3D%3D\" href='http:\/\/gran-baita.it\/wp-content\/uploads\/2021\/05\/P1021881.jpg'><img width=\"768\" height=\"576\" src=\"http:\/\/gran-baita.it\/wp-content\/uploads\/2021\/05\/P1021881-768x576.jpg\" alt=\"\" decoding=\"async\" srcset=\"https:\/\/gran-baita.it\/wp-content\/uploads\/2021\/05\/P1021881-768x576.jpg 768w, https:\/\/gran-baita.it\/wp-content\/uploads\/2021\/05\/P1021881-300x225.jpg 300w, https:\/\/gran-baita.it\/wp-content\/uploads\/2021\/05\/P1021881-1024x768.jpg 1024w, https:\/\/gran-baita.it\/wp-content\/uploads\/2021\/05\/P1021881-1536x1152.jpg 1536w, https:\/\/gran-baita.it\/wp-content\/uploads\/2021\/05\/P1021881-2048x1536.jpg 2048w\" sizes=\"(max-width: 768px) 100vw, 768px\" \/><\/a><br \/>\n\t\t\t<\/figure>\n<figure class='gallery-item'>\n\t\t\t\t<a data-elementor-open-lightbox=\"yes\" data-elementor-lightbox-slideshow=\"4d9d9662\" data-elementor-lightbox-title=\"P1021794\" data-e-action-hash=\"#elementor-action%3Aaction%3Dlightbox%26settings%3DeyJpZCI6NDk0LCJ1cmwiOiJodHRwOlwvXC9ncmFuLWJhaXRhLml0XC93cC1jb250ZW50XC91cGxvYWRzXC8yMDIxXC8wNVwvUDEwMjE3OTQuanBnIiwic2xpZGVzaG93IjoiNGQ5ZDk2NjIifQ%3D%3D\" href='http:\/\/gran-baita.it\/wp-content\/uploads\/2021\/05\/P1021794.jpg'><img loading=\"lazy\" width=\"768\" height=\"576\" src=\"http:\/\/gran-baita.it\/wp-content\/uploads\/2021\/05\/P1021794-768x576.jpg\" alt=\"\" decoding=\"async\" srcset=\"https:\/\/gran-baita.it\/wp-content\/uploads\/2021\/05\/P1021794-768x576.jpg 768w, https:\/\/gran-baita.it\/wp-content\/uploads\/2021\/05\/P1021794-300x225.jpg 300w, https:\/\/gran-baita.it\/wp-content\/uploads\/2021\/05\/P1021794-1024x768.jpg 1024w, https:\/\/gran-baita.it\/wp-content\/uploads\/2021\/05\/P1021794-1536x1152.jpg 1536w, https:\/\/gran-baita.it\/wp-content\/uploads\/2021\/05\/P1021794-2048x1536.jpg 2048w\" sizes=\"(max-width: 768px) 100vw, 768px\" \/><\/a><br \/>\n\t\t\t<\/figure>\n<figure class='gallery-item'>\n\t\t\t\t<a data-elementor-open-lightbox=\"yes\" data-elementor-lightbox-slideshow=\"4d9d9662\" data-elementor-lightbox-title=\"P1021853\" data-e-action-hash=\"#elementor-action%3Aaction%3Dlightbox%26settings%3DeyJpZCI6NDg2LCJ1cmwiOiJodHRwOlwvXC9ncmFuLWJhaXRhLml0XC93cC1jb250ZW50XC91cGxvYWRzXC8yMDIxXC8wNVwvUDEwMjE4NTMuanBnIiwic2xpZGVzaG93IjoiNGQ5ZDk2NjIifQ%3D%3D\" href='http:\/\/gran-baita.it\/wp-content\/uploads\/2021\/05\/P1021853.jpg'><img loading=\"lazy\" width=\"768\" height=\"576\" src=\"http:\/\/gran-baita.it\/wp-content\/uploads\/2021\/05\/P1021853-768x576.jpg\" alt=\"\" decoding=\"async\" srcset=\"https:\/\/gran-baita.it\/wp-content\/uploads\/2021\/05\/P1021853-768x576.jpg 768w, https:\/\/gran-baita.it\/wp-content\/uploads\/2021\/05\/P1021853-300x225.jpg 300w, https:\/\/gran-baita.it\/wp-content\/uploads\/2021\/05\/P1021853-1024x768.jpg 1024w, https:\/\/gran-baita.it\/wp-content\/uploads\/2021\/05\/P1021853-1536x1152.jpg 1536w, https:\/\/gran-baita.it\/wp-content\/uploads\/2021\/05\/P1021853-2048x1536.jpg 2048w\" sizes=\"(max-width: 768px) 100vw, 768px\" \/><\/a><br \/>\n\t\t\t<\/figure>\n<figure class='gallery-item'>\n\t\t\t\t<a data-elementor-open-lightbox=\"yes\" data-elementor-lightbox-slideshow=\"4d9d9662\" data-elementor-lightbox-title=\"P1021871\" data-e-action-hash=\"#elementor-action%3Aaction%3Dlightbox%26settings%3DeyJpZCI6NDgwLCJ1cmwiOiJodHRwOlwvXC9ncmFuLWJhaXRhLml0XC93cC1jb250ZW50XC91cGxvYWRzXC8yMDIxXC8wNVwvUDEwMjE4NzEuanBnIiwic2xpZGVzaG93IjoiNGQ5ZDk2NjIifQ%3D%3D\" href='http:\/\/gran-baita.it\/wp-content\/uploads\/2021\/05\/P1021871.jpg'><img loading=\"lazy\" width=\"768\" height=\"576\" src=\"http:\/\/gran-baita.it\/wp-content\/uploads\/2021\/05\/P1021871-768x576.jpg\" alt=\"\" decoding=\"async\" srcset=\"https:\/\/gran-baita.it\/wp-content\/uploads\/2021\/05\/P1021871-768x576.jpg 768w, https:\/\/gran-baita.it\/wp-content\/uploads\/2021\/05\/P1021871-300x225.jpg 300w, https:\/\/gran-baita.it\/wp-content\/uploads\/2021\/05\/P1021871-1024x768.jpg 1024w, https:\/\/gran-baita.it\/wp-content\/uploads\/2021\/05\/P1021871-1536x1152.jpg 1536w, https:\/\/gran-baita.it\/wp-content\/uploads\/2021\/05\/P1021871-2048x1536.jpg 2048w\" sizes=\"(max-width: 768px) 100vw, 768px\" \/><\/a><br \/>\n\t\t\t<\/figure>\n<h2>La montagna ha qualcosa da offrirvi<\/h2>\n<p>Atleti o meno, la montagna \u00e8 un luogo pieno di ricchezze. I pi\u00f9 avventurosi si fionderanno sui sentieri. I pi\u00f9 edonisti preferiranno l&#8217;immensit\u00e0 del territorio locale.<\/p>\n<p>\t\t\t\t\t<a href=\"http:\/\/gran-baita.it\/index.php\/valleedollomont\/\"><br \/>\n\t\t\t\t\t\t\t\t\tscoprire la regione<br \/>\n\t\t\t\t\t<\/a><\/p>\n","protected":false},"excerpt":{"rendered":"<p>Il vostro rifugio di montagna a Ollomont LA GRAN BAITA Il rifugio &#8216;La Gran Baita&#8221; propone 85 letti nel cuore del Val d&#8217;Aosta, nella valle conservata di Ollomont. Godete di una totale libert\u00e0 per l&#8217;organizzazione del vostro soggiorno in montagna. Contatti Scoprire il rifugio scoprire la Gran Baita Ollomont ed i suoi dintorni Contatti La &hellip;<\/p>\n<p class=\"read-more\"> <a class=\"\" href=\"https:\/\/gran-baita.it\/it\/\"> <span class=\"screen-reader-text\">Accueil<\/span> Read More &raquo;<\/a><\/p>\n","protected":false},"author":1,"featured_media":0,"parent":0,"menu_order":0,"comment_status":"closed","ping_status":"closed","template":"","meta":{"_monsterinsights_skip_tracking":false,"_monsterinsights_sitenote_active":false,"_monsterinsights_sitenote_note":"","_monsterinsights_sitenote_category":0,"footnotes":""},"class_list":["post-30","page","type-page","status-publish","hentry"],"translation":{"provider":"WPGlobus","version":"3.0.0","language":"it","enabled_languages":["fr","it","nl"],"languages":{"fr":{"title":true,"content":true,"excerpt":false},"it":{"title":true,"content":true,"excerpt":false},"nl":{"title":true,"content":true,"excerpt":false}}},"_links":{"self":[{"href":"https:\/\/gran-baita.it\/it\/wp-json\/wp\/v2\/pages\/30","targetHints":{"allow":["GET"]}}],"collection":[{"href":"https:\/\/gran-baita.it\/it\/wp-json\/wp\/v2\/pages"}],"about":[{"href":"https:\/\/gran-baita.it\/it\/wp-json\/wp\/v2\/types\/page"}],"author":[{"embeddable":true,"href":"https:\/\/gran-baita.it\/it\/wp-json\/wp\/v2\/users\/1"}],"replies":[{"embeddable":true,"href":"https:\/\/gran-baita.it\/it\/wp-json\/wp\/v2\/comments?post=30"}],"version-history":[{"count":124,"href":"https:\/\/gran-baita.it\/it\/wp-json\/wp\/v2\/pages\/30\/revisions"}],"predecessor-version":[{"id":1043,"href":"https:\/\/gran-baita.it\/it\/wp-json\/wp\/v2\/pages\/30\/revisions\/1043"}],"wp:attachment":[{"href":"https:\/\/gran-baita.it\/it\/wp-json\/wp\/v2\/media?parent=30"}],"curies":[{"name":"wp","href":"https:\/\/api.w.org\/{rel}","templated":true}]}}